{"id":5,"date":"2018-04-25T08:05:41","date_gmt":"2018-04-25T08:05:41","guid":{"rendered":"http:\/\/www.urolapackaging.com\/?page_id=5"},"modified":"2025-11-06T13:16:11","modified_gmt":"2025-11-06T13:16:11","slug":"inicio","status":"publish","type":"page","link":"https:\/\/www.urolapackaging.com\/es\/","title":{"rendered":"Inicio"},"content":{"rendered":"<h4>Somos fabricantes<\/h4>\n<p>En Urola Packaging somos fabricantes de <a href=\"http:\/\/www.urolapackaging.com\/es\/#productos\" rel=\"noopener\" target=\"_blank\">envases<\/a> de pl\u00e1stico y moldes para el sector alimentario y no alimentario. Contamos con m\u00e1s de 40 a\u00f1os de experiencia en el sector. Ofrecemos soluciones completas, mediante la tecnolog\u00eda de extrusi\u00f3n-soplado o estirado-soplado de preformas de PET.<\/p>\n<p>En caso de inter\u00e9s puedes acceder a nuestro catalogo mediante el siguiente link:<\/p>\n<h4><a href=\"https:\/\/www.urolapackaging.com\/wp-content\/uploads\/2025\/07\/Catalogo-Urola-Packaging.pdf\">Catalogo Urola Packaging<\/a><\/h4>\n<h4>Experiencia<\/h4>\n<p>40 a\u00f1os de experiencia nos avalan como especialistas en soluciones competitivas e integrales en la fabricaci\u00f3n de envases de pl\u00e1stico.<\/p>\n<h4>Tecnolog\u00eda<\/h4>\n<p>Fabricamos <a href=\"https:\/\/www.urolapackaging.com\/es\/#productos\" rel=\"noopener\" target=\"_blank\">envases<\/a> de pl\u00e1stico con capacidad desde 50 ml. hasta 30 L., utilizando tecnolog\u00edas de extrusi\u00f3n-soplado y coextrusi\u00f3n-soplado.<\/p>\n<p>La experiencia adquirida en la fabricaci\u00f3n de m\u00e1quinas \u00a0sopladoras de extrusi\u00f3n-soplado (<a href=\"https:\/\/www.urolasolutions.com\/es\/\">www.urolasolutions.com<\/a>) y estirado-soplado de preformas de PET nos permite la implementaci\u00f3n de mejoras continuas en nuestros moldes y procesos de fabricaci\u00f3n, as\u00ed como de las \u00faltimas tecnolog\u00edas del mercado. De este modo, aseguramos en nuestros proyectos la mejor calidad de producto y servicio.<\/p>\n<p>La estrecha colaboraci\u00f3n con Centros Tecnol\u00f3gicos (Ikerlan IK-4, Koniker y MTC) y Mondragon Unibertsitatea, adem\u00e1s, nos permite seguir liderando la tecnolog\u00eda de soplado a nivel mundial.<\/p>\n<p>Urola S. Coop. est\u00e1 certificados con el sello de gesti\u00f3n de calidad ISO 9001 e ISO 14001.<\/p>\n<h4>Grandes marcas<\/h4>\n<p>Trabajamos con grandes marcas de consumo, personalizando el packaging y contribuyendo as\u00ed a posicionar mejor sus marcas en el mercado.<\/p>\n<h4>Medio Ambiente<\/h4>\n<p>Nuestro compromiso con el medio ambiente nos lleva a utilizar en todo momento solo procesos productivos y materiales respetuosos con nuestro entorno.<\/p>\n<h4>Corporaci\u00f3n MONDRAGON<\/h4>\n<p>Formar parte de la <a href=\"https:\/\/www.mondragon-corporation.com\/\" rel=\"noopener\" target=\"_blank\">Corporaci\u00f3n MONDRAGON<\/a>, s\u00e9ptimo grupo empresarial de Espa\u00f1a y primero del Pa\u00eds Vasco, es una garant\u00eda de calidad, innovaci\u00f3n y solidez.<\/p>\n<h4><strong>Urola Design<\/strong><\/h4>\n<p>Urola Design es un servicio integral de envases, moldes, procesos e industrializaci\u00f3n. Combina el dise\u00f1o centrado en las personas con la estrategia de negocio y se compone de 6 fases.<\/p>\n<p>En caso de inter\u00e9s pod\u00e9is poneros en contacto con uno de los nuestros comerciales mediante la siguiente direcci\u00f3n de correo: comercial@urolapackaging.com<\/p>\n<h4><a href=\"https:\/\/www.urolapackaging.com\/es\/\"><img loading=\"lazy\" decoding=\"async\" class=\"alignleft wp-image-756\" title=\"Urola Packaging\" src=\"https:\/\/www.urolapackaging.com\/wp-content\/uploads\/2025\/07\/Logo_UrolaPackaging.jpg\" alt=\"https:\/\/www.urolapackaging.com\/es\/\" width=\"147\" height=\"69\" \/><\/a>\u00a0 \u00a0 \u00a0 \u00a0 \u00a0 \u00a0 \u00a0<a href=\"https:\/\/www.mondragon-corporation.com\/\"><img loading=\"lazy\" decoding=\"async\" class=\"alignleft wp-image-759\" src=\"https:\/\/www.urolapackaging.com\/wp-content\/uploads\/2025\/07\/Logo_MondragonCorporaci\u00f3n-800x400.jpg\" alt=\"https:\/\/www.mondragon-corporation.com\/\" width=\"128\" height=\"64\" srcset=\"https:\/\/www.urolapackaging.com\/wp-content\/uploads\/2025\/07\/Logo_MondragonCorporaci\u00f3n-800x400.jpg 800w, https:\/\/www.urolapackaging.com\/wp-content\/uploads\/2025\/07\/Logo_MondragonCorporaci\u00f3n-768x384.jpg 768w, https:\/\/www.urolapackaging.com\/wp-content\/uploads\/2025\/07\/Logo_MondragonCorporaci\u00f3n-1024x512.jpg 1024w, https:\/\/www.urolapackaging.com\/wp-content\/uploads\/2025\/07\/Logo_MondragonCorporaci\u00f3n.jpg 1033w\" sizes=\"auto, (max-width: 128px) 100vw, 128px\" \/><\/a>\u00a0 \u00a0 \u00a0 \u00a0 \u00a0 \u00a0 \u00a0<a href=\"https:\/\/next-generation-eu.europa.eu\/index_en\"><img loading=\"lazy\" decoding=\"async\" class=\"alignleft wp-image-711\" src=\"https:\/\/www.urolapackaging.com\/wp-content\/uploads\/2025\/07\/Financiado-por-la-Union-Europea.png\" alt=\"https:\/\/next-generation-eu.europa.eu\/index_en\" width=\"72\" height=\"82\" \/><\/a><\/h4>\n","protected":false},"excerpt":{"rendered":"<p>Somos fabricantes En Urola Packaging somos fabricantes de envases de pl\u00e1stico y moldes para el sector alimentario y no alimentario. Contamos con m\u00e1s de 40 a\u00f1os de experiencia en el sector. Ofrecemos soluciones completas, mediante la tecnolog\u00eda de extrusi\u00f3n-soplado o estirado-soplado de preformas de PET. En caso de inter\u00e9s puedes acceder a nuestro catalogo mediante [&hellip;]<\/p>\n","protected":false},"author":1,"featured_media":0,"parent":0,"menu_order":0,"comment_status":"closed","ping_status":"closed","template":"page-templates\/template-home.php","meta":{"_acf_changed":false,"footnotes":""},"class_list":["post-5","page","type-page","status-publish","hentry"],"acf":[],"_links":{"self":[{"href":"https:\/\/www.urolapackaging.com\/es\/wp-json\/wp\/v2\/pages\/5","targetHints":{"allow":["GET"]}}],"collection":[{"href":"https:\/\/www.urolapackaging.com\/es\/wp-json\/wp\/v2\/pages"}],"about":[{"href":"https:\/\/www.urolapackaging.com\/es\/wp-json\/wp\/v2\/types\/page"}],"author":[{"embeddable":true,"href":"https:\/\/www.urolapackaging.com\/es\/wp-json\/wp\/v2\/users\/1"}],"replies":[{"embeddable":true,"href":"https:\/\/www.urolapackaging.com\/es\/wp-json\/wp\/v2\/comments?post=5"}],"version-history":[{"count":98,"href":"https:\/\/www.urolapackaging.com\/es\/wp-json\/wp\/v2\/pages\/5\/revisions"}],"predecessor-version":[{"id":798,"href":"https:\/\/www.urolapackaging.com\/es\/wp-json\/wp\/v2\/pages\/5\/revisions\/798"}],"wp:attachment":[{"href":"https:\/\/www.urolapackaging.com\/es\/wp-json\/wp\/v2\/media?parent=5"}],"curies":[{"name":"wp","href":"https:\/\/api.w.org\/{rel}","templated":true}]}}